{"id":10057,"date":"2023-03-26T07:52:21","date_gmt":"2023-03-26T07:52:21","guid":{"rendered":"http:\/\/margitdeixler.wirt2web.at\/?page_id=10057"},"modified":"2023-03-26T07:52:56","modified_gmt":"2023-03-26T07:52:56","slug":"faq","status":"publish","type":"page","link":"https:\/\/margitdeixler.wirt2web.at\/?page_id=10057","title":{"rendered":"FAQ"},"content":{"rendered":"\t\t<div data-elementor-type=\"wp-page\" data-elementor-id=\"10057\" class=\"elementor elementor-10057\">\n\t\t\t\t\t\t<div class=\"elementor-inner\">\n\t\t\t\t<div class=\"elementor-section-wrap\">\n\t\t\t\t\t\t\t\t\t<section class=\"elementor-section elementor-top-section elementor-element elementor-element-acff182 elementor-section-stretched elementor-section-full_width lt-slider elementor-section-height-default elementor-section-height-default\" data-id=\"acff182\" data-element_type=\"section\" id=\"lt-slider\" data-settings=\"{&quot;stretch_section&quot;:&quot;section-stretched&quot;}\">\n\t\t\t\t\t\t<div class=\"elementor-container elementor-column-gap-no\">\n\t\t\t\t\t\t\t<div class=\"elementor-row\">\n\t\t\t\t\t<div class=\"elementor-column elementor-col-100 elementor-top-column elementor-element elementor-element-b569d83\" data-id=\"b569d83\" data-element_type=\"column\">\n\t\t\t<div class=\"elementor-column-wrap elementor-element-populated\">\n\t\t\t\t\t\t\t<div class=\"elementor-widget-wrap\">\n\t\t\t\t\t\t\t\t<\/div>\n\t\t\t\t\t<\/div>\n\t\t<\/div>\n\t\t\t\t\t\t\t\t<\/div>\n\t\t\t\t\t<\/div>\n\t\t<\/section>\n\t\t\t\t<section class=\"elementor-section elementor-top-section elementor-element elementor-element-d9ed789 elementor-section-content-middle elementor-section-stretched elementor-section-boxed elementor-section-height-default elementor-section-height-default\" data-id=\"d9ed789\" data-element_type=\"section\" id=\"lt-about\" data-settings=\"{&quot;stretch_section&quot;:&quot;section-stretched&quot;}\">\n\t\t\t\t\t\t<div class=\"elementor-container elementor-column-gap-default\">\n\t\t\t\t\t\t\t<div class=\"elementor-row\">\n\t\t\t\t\t<div class=\"elementor-column elementor-col-100 elementor-top-column elementor-element elementor-element-7fcba54b\" data-id=\"7fcba54b\" data-element_type=\"column\">\n\t\t\t<div class=\"elementor-column-wrap elementor-element-populated\">\n\t\t\t\t\t\t\t<div class=\"elementor-widget-wrap\">\n\t\t\t\t\t\t<div class=\"elementor-element elementor-element-271aedf6 elementor-widget elementor-widget-heading\" data-id=\"271aedf6\" data-element_type=\"widget\" data-widget_type=\"heading.default\">\n\t\t\t\t<div class=\"elementor-widget-container\">\n\t\t\t<h3 class=\"elementor-heading-title elementor-size-default\">FAQ<\/h3>\t\t<\/div>\n\t\t\t\t<\/div>\n\t\t\t\t<div class=\"elementor-element elementor-element-61571487 elementor-widget elementor-widget-text-editor\" data-id=\"61571487\" data-element_type=\"widget\" data-widget_type=\"text-editor.default\">\n\t\t\t\t<div class=\"elementor-widget-container\">\n\t\t\t\t\t\t\t\t<div class=\"elementor-text-editor elementor-clearfix\">\n\t\t\t\t<p>Wie komme ich zur einer physiotherapeutischen Behandlung?<\/p><p>F\u00fcr eine Physiotherapie ist eine \u00e4rztliche \u00dcberweisung vom Hausarzt, Facharzt oder dem Krankenhaus erforderlich. Sobald Sie diese bekommen haben, freue ich mich \u00fcber Ihre Kontaktaufnahme unter \u2026. Termine kann ich sehr zeitnah, meist innerhalb einer Woche, vergeben.<\/p><p>\u00a0<\/p><p>Wie lange dauert eine Einheit?<\/p><p>Die Dauer richtet sich nach der \u00e4rztlichen Zuweisung. Im Normalfall dauert eine Einheit je nach Verordnung zwischen 30 und 45 Minuten .<\/p><p>\u00a0<\/p><p>Muss ich alle verschriebenen Einheiten auch machen?<\/p><p>Nein. Wenn es Ihnen nach einer unbestimmten Anzahl an Einheiten soweit gut geht, dass Sie Ihren Alltag wieder gut bew\u00e4ltigen und wieder alleine und selbstst\u00e4ndig trainieren k\u00f6nnen, kann die Therapie vorzeitig beendet werden und die Rechnung trotzdem ganz regul\u00e4r bei Ihrer Krankenkasse eingereicht werden.<\/p><p>\u00a0<\/p><p>Kann ich eine weitere Therapieserie anh\u00e4ngen?<\/p><p>Ja. Sollten Sie eine weitere Serie ben\u00f6tigen, k\u00f6nnen Sie sich bei Ihrem Haus- oder Facharzt eine weitere \u00dcberweisung besorgen. Diese muss dann von der Krankenkasse bewilligt werden.<\/p><p>\u00a0<\/p><p>\u00a0<\/p><p>Wahltherapeutin, was bedeutet das? Wie funktioniert die R\u00fcckerstattung durch die Krankenkasse?<\/p><p>Am Ende der Therapieserie verrechne ich mit Ihnen direkt, das hei\u00dft, dass Sie eine Honorarnote von mir erhalten und diese direkt an mich \u00fcberweisen. Die Zahlungsbest\u00e4tigung (Ausdruck bei Onlinebanking) und die Honorarnote sowie die \u00e4rztliche \u00dcberweisung k\u00f6nnen Sie bei Ihrer Krankenkasse einreichen. Dies ist je nach Krankenkasse auch online m\u00f6glich. Die R\u00fcckerstattung variiert je nach Krankenkasse. Bitte erkundigen Sie sich bei Ihrer Krankenkasse nach dem Kostenersatz. Ein eventueller Selbstbehalt kann durch eine Zusatzversicherung gedeckt sein.<\/p><p>\u00a0<\/p><p>\u00a0<\/p><p>Was muss bei der ersten Therapie beachten?<\/p><p>Die \u00e4rztliche \u00dcberweisung zur Therapie ist notwendig und bei der ersten Therapie unbedingt mitzubringen. Weiters w\u00fcrde ich es begr\u00fc\u00dfen, aktuelle Befunde und R\u00f6ntgen- bzw. MR-Bilder sichten zu k\u00f6nnen. Bequeme Kleidung sowie ein gro\u00dfes Liegetuch sollten Sie bei jeder Therapie dabei haben.<\/p><p>\u00a0<\/p><p>Terminabsage?<\/p><p>Sollten Sie zum vereinbarten Therapiezeitpunkt etwaig verhindert sein, bitte ich Sie um zeitnahe Absage sp\u00e4testens innerhalb 24 Stunden! Nicht abgesagte Termine muss ich Ihnen leider privat in Rechnung stellen. Bitte haben Sie daf\u00fcr Verst\u00e4ndnis.<\/p>\t\t\t\t\t<\/div>\n\t\t\t\t\t\t<\/div>\n\t\t\t\t<\/div>\n\t\t\t\t\t\t<\/div>\n\t\t\t\t\t<\/div>\n\t\t<\/div>\n\t\t\t\t\t\t\t\t<\/div>\n\t\t\t\t\t<\/div>\n\t\t<\/section>\n\t\t\t\t\t\t\t\t\t<\/div>\n\t\t\t<\/div>\n\t\t\t\t\t<\/div>\n\t\t","protected":false},"excerpt":{"rendered":"<p>FAQ Wie komme ich zur einer physiotherapeutischen Behandlung? F\u00fcr eine Physiotherapie ist eine \u00e4rztliche \u00dcberweisung vom Hausarzt, Facharzt oder dem Krankenhaus erforderlich. Sobald Sie diese bekommen haben, freue ich mich&#8230;<\/p>\n","protected":false},"author":1,"featured_media":0,"parent":0,"menu_order":0,"comment_status":"closed","ping_status":"closed","template":"","meta":[],"_links":{"self":[{"href":"https:\/\/margitdeixler.wirt2web.at\/index.php?rest_route=\/wp\/v2\/pages\/10057"}],"collection":[{"href":"https:\/\/margitdeixler.wirt2web.at\/index.php?rest_route=\/wp\/v2\/pages"}],"about":[{"href":"https:\/\/margitdeixler.wirt2web.at\/index.php?rest_route=\/wp\/v2\/types\/page"}],"author":[{"embeddable":true,"href":"https:\/\/margitdeixler.wirt2web.at\/index.php?rest_route=\/wp\/v2\/users\/1"}],"replies":[{"embeddable":true,"href":"https:\/\/margitdeixler.wirt2web.at\/index.php?rest_route=%2Fwp%2Fv2%2Fcomments&post=10057"}],"version-history":[{"count":4,"href":"https:\/\/margitdeixler.wirt2web.at\/index.php?rest_route=\/wp\/v2\/pages\/10057\/revisions"}],"predecessor-version":[{"id":10061,"href":"https:\/\/margitdeixler.wirt2web.at\/index.php?rest_route=\/wp\/v2\/pages\/10057\/revisions\/10061"}],"wp:attachment":[{"href":"https:\/\/margitdeixler.wirt2web.at\/index.php?rest_route=%2Fwp%2Fv2%2Fmedia&parent=10057"}],"curies":[{"name":"wp","href":"https:\/\/api.w.org\/{rel}","templated":true}]}}