{"id":10017,"date":"2023-03-26T07:39:15","date_gmt":"2023-03-26T07:39:15","guid":{"rendered":"http:\/\/margitdeixler.wirt2web.at\/?page_id=10017"},"modified":"2023-03-26T07:39:51","modified_gmt":"2023-03-26T07:39:51","slug":"narbenentstoerung","status":"publish","type":"page","link":"https:\/\/margitdeixler.wirt2web.at\/?page_id=10017","title":{"rendered":"Narbenentst\u00f6rung"},"content":{"rendered":"\t\t<div data-elementor-type=\"wp-page\" data-elementor-id=\"10017\" class=\"elementor elementor-10017\">\n\t\t\t\t\t\t<div class=\"elementor-inner\">\n\t\t\t\t<div class=\"elementor-section-wrap\">\n\t\t\t\t\t\t\t\t\t<section class=\"elementor-section elementor-top-section elementor-element elementor-element-acff182 elementor-section-stretched elementor-section-full_width lt-slider elementor-section-height-default elementor-section-height-default\" data-id=\"acff182\" data-element_type=\"section\" id=\"lt-slider\" data-settings=\"{&quot;stretch_section&quot;:&quot;section-stretched&quot;}\">\n\t\t\t\t\t\t<div class=\"elementor-container elementor-column-gap-no\">\n\t\t\t\t\t\t\t<div class=\"elementor-row\">\n\t\t\t\t\t<div class=\"elementor-column elementor-col-100 elementor-top-column elementor-element elementor-element-b569d83\" data-id=\"b569d83\" data-element_type=\"column\">\n\t\t\t<div class=\"elementor-column-wrap elementor-element-populated\">\n\t\t\t\t\t\t\t<div class=\"elementor-widget-wrap\">\n\t\t\t\t\t\t\t\t<\/div>\n\t\t\t\t\t<\/div>\n\t\t<\/div>\n\t\t\t\t\t\t\t\t<\/div>\n\t\t\t\t\t<\/div>\n\t\t<\/section>\n\t\t\t\t<section class=\"elementor-section elementor-top-section elementor-element elementor-element-d9ed789 elementor-section-content-middle elementor-section-stretched elementor-section-boxed elementor-section-height-default elementor-section-height-default\" data-id=\"d9ed789\" data-element_type=\"section\" id=\"lt-about\" data-settings=\"{&quot;stretch_section&quot;:&quot;section-stretched&quot;}\">\n\t\t\t\t\t\t<div class=\"elementor-container elementor-column-gap-default\">\n\t\t\t\t\t\t\t<div class=\"elementor-row\">\n\t\t\t\t\t<div class=\"elementor-column elementor-col-100 elementor-top-column elementor-element elementor-element-7fcba54b\" data-id=\"7fcba54b\" data-element_type=\"column\">\n\t\t\t<div class=\"elementor-column-wrap elementor-element-populated\">\n\t\t\t\t\t\t\t<div class=\"elementor-widget-wrap\">\n\t\t\t\t\t\t<div class=\"elementor-element elementor-element-271aedf6 elementor-widget elementor-widget-heading\" data-id=\"271aedf6\" data-element_type=\"widget\" data-widget_type=\"heading.default\">\n\t\t\t\t<div class=\"elementor-widget-container\">\n\t\t\t<h3 class=\"elementor-heading-title elementor-size-default\">Narbenentst\u00f6rung<\/h3>\t\t<\/div>\n\t\t\t\t<\/div>\n\t\t\t\t<div class=\"elementor-element elementor-element-61571487 elementor-widget elementor-widget-text-editor\" data-id=\"61571487\" data-element_type=\"widget\" data-widget_type=\"text-editor.default\">\n\t\t\t\t<div class=\"elementor-widget-container\">\n\t\t\t\t\t\t\t\t<div class=\"elementor-text-editor elementor-clearfix\">\n\t\t\t\t<p>Jede Narbe kann sich zu einem kleineren oder gr\u00f6\u00dferen \u201eSt\u00f6rfeld\u201c entwickeln und dies \u00e4u\u00dfert sich auf unterschiedliche Art und Weise. Taubheit, Jucken, Schmerzen bei Ber\u00fchrung, ger\u00f6tete Farbe oder Schwellungen, Verklebungen und wulstige Ver\u00e4nderungen k\u00f6nnen ein Hinweis darauf sein. In weiterer Folge k\u00f6nnen unbehandelte Narben auch zu Problemen am Organsystemen beitragen. Durch eine Narbenentst\u00f6rung werden mithilfe von manuellen Techniken am Bindegewebe und dem Einsatz eines Metallst\u00e4bchens aus der Akupressurmassage sowie Tape-Anlagen Verklebungen der Hautschichten beseitigt, die Durchblutung lokal verbessert und die Narbe wieder \u201eleitf\u00e4hig\u201c gemacht.<\/p>\t\t\t\t\t<\/div>\n\t\t\t\t\t\t<\/div>\n\t\t\t\t<\/div>\n\t\t\t\t\t\t<\/div>\n\t\t\t\t\t<\/div>\n\t\t<\/div>\n\t\t\t\t\t\t\t\t<\/div>\n\t\t\t\t\t<\/div>\n\t\t<\/section>\n\t\t\t\t\t\t\t\t\t<\/div>\n\t\t\t<\/div>\n\t\t\t\t\t<\/div>\n\t\t","protected":false},"excerpt":{"rendered":"<p>Narbenentst\u00f6rung Jede Narbe kann sich zu einem kleineren oder gr\u00f6\u00dferen \u201eSt\u00f6rfeld\u201c entwickeln und dies \u00e4u\u00dfert sich auf unterschiedliche Art und Weise. Taubheit, Jucken, Schmerzen bei Ber\u00fchrung, ger\u00f6tete Farbe oder Schwellungen,&#8230;<\/p>\n","protected":false},"author":1,"featured_media":0,"parent":0,"menu_order":0,"comment_status":"closed","ping_status":"closed","template":"","meta":[],"_links":{"self":[{"href":"https:\/\/margitdeixler.wirt2web.at\/index.php?rest_route=\/wp\/v2\/pages\/10017"}],"collection":[{"href":"https:\/\/margitdeixler.wirt2web.at\/index.php?rest_route=\/wp\/v2\/pages"}],"about":[{"href":"https:\/\/margitdeixler.wirt2web.at\/index.php?rest_route=\/wp\/v2\/types\/page"}],"author":[{"embeddable":true,"href":"https:\/\/margitdeixler.wirt2web.at\/index.php?rest_route=\/wp\/v2\/users\/1"}],"replies":[{"embeddable":true,"href":"https:\/\/margitdeixler.wirt2web.at\/index.php?rest_route=%2Fwp%2Fv2%2Fcomments&post=10017"}],"version-history":[{"count":4,"href":"https:\/\/margitdeixler.wirt2web.at\/index.php?rest_route=\/wp\/v2\/pages\/10017\/revisions"}],"predecessor-version":[{"id":10021,"href":"https:\/\/margitdeixler.wirt2web.at\/index.php?rest_route=\/wp\/v2\/pages\/10017\/revisions\/10021"}],"wp:attachment":[{"href":"https:\/\/margitdeixler.wirt2web.at\/index.php?rest_route=%2Fwp%2Fv2%2Fmedia&parent=10017"}],"curies":[{"name":"wp","href":"https:\/\/api.w.org\/{rel}","templated":true}]}}