{"id":10007,"date":"2023-03-26T07:31:31","date_gmt":"2023-03-26T07:31:31","guid":{"rendered":"http:\/\/margitdeixler.wirt2web.at\/?page_id=10007"},"modified":"2023-03-26T07:32:08","modified_gmt":"2023-03-26T07:32:08","slug":"cranio-sacral-therapie","status":"publish","type":"page","link":"https:\/\/margitdeixler.wirt2web.at\/?page_id=10007","title":{"rendered":"Cranio-Sacral-Therapie"},"content":{"rendered":"\t\t<div data-elementor-type=\"wp-page\" data-elementor-id=\"10007\" class=\"elementor elementor-10007\">\n\t\t\t\t\t\t<div class=\"elementor-inner\">\n\t\t\t\t<div class=\"elementor-section-wrap\">\n\t\t\t\t\t\t\t\t\t<section class=\"elementor-section elementor-top-section elementor-element elementor-element-acff182 elementor-section-stretched elementor-section-full_width lt-slider elementor-section-height-default elementor-section-height-default\" data-id=\"acff182\" data-element_type=\"section\" id=\"lt-slider\" data-settings=\"{&quot;stretch_section&quot;:&quot;section-stretched&quot;}\">\n\t\t\t\t\t\t<div class=\"elementor-container elementor-column-gap-no\">\n\t\t\t\t\t\t\t<div class=\"elementor-row\">\n\t\t\t\t\t<div class=\"elementor-column elementor-col-100 elementor-top-column elementor-element elementor-element-b569d83\" data-id=\"b569d83\" data-element_type=\"column\">\n\t\t\t<div class=\"elementor-column-wrap elementor-element-populated\">\n\t\t\t\t\t\t\t<div class=\"elementor-widget-wrap\">\n\t\t\t\t\t\t\t\t<\/div>\n\t\t\t\t\t<\/div>\n\t\t<\/div>\n\t\t\t\t\t\t\t\t<\/div>\n\t\t\t\t\t<\/div>\n\t\t<\/section>\n\t\t\t\t<section class=\"elementor-section elementor-top-section elementor-element elementor-element-d9ed789 elementor-section-content-middle elementor-section-stretched elementor-section-boxed elementor-section-height-default elementor-section-height-default\" data-id=\"d9ed789\" data-element_type=\"section\" id=\"lt-about\" data-settings=\"{&quot;stretch_section&quot;:&quot;section-stretched&quot;}\">\n\t\t\t\t\t\t<div class=\"elementor-container elementor-column-gap-default\">\n\t\t\t\t\t\t\t<div class=\"elementor-row\">\n\t\t\t\t\t<div class=\"elementor-column elementor-col-100 elementor-top-column elementor-element elementor-element-7fcba54b\" data-id=\"7fcba54b\" data-element_type=\"column\">\n\t\t\t<div class=\"elementor-column-wrap elementor-element-populated\">\n\t\t\t\t\t\t\t<div class=\"elementor-widget-wrap\">\n\t\t\t\t\t\t<div class=\"elementor-element elementor-element-271aedf6 elementor-widget elementor-widget-heading\" data-id=\"271aedf6\" data-element_type=\"widget\" data-widget_type=\"heading.default\">\n\t\t\t\t<div class=\"elementor-widget-container\">\n\t\t\t<h3 class=\"elementor-heading-title elementor-size-default\">Cranio-Sacral-Therapie<\/h3>\t\t<\/div>\n\t\t\t\t<\/div>\n\t\t\t\t<div class=\"elementor-element elementor-element-61571487 elementor-widget elementor-widget-text-editor\" data-id=\"61571487\" data-element_type=\"widget\" data-widget_type=\"text-editor.default\">\n\t\t\t\t<div class=\"elementor-widget-container\">\n\t\t\t\t\t\t\t\t<div class=\"elementor-text-editor elementor-clearfix\">\n\t\t\t\t<p>Die aus der Osteopathie entwickelte Cranio-Sacral-Therapie basiert auf der Arbeit mit dem craniosacralen Rhythmus, der in feinen, rhythmischen Bewegungen der Gehirn- und R\u00fcckenmarksfl\u00fcssigkeit \u00fcber das Bindegewebe im ganzen K\u00f6rper tast- und beeinflussbar ist. Durch die Cranio-Sacrale-Therapie soll die F\u00e4higkeit des K\u00f6rpers zur Eigenregulierung angeregt werden.<\/p><p>Besonders empfehlenswert ist die begleitende Cranio-Sacral-Therapie vor, w\u00e4hrend und nach Zahnregulierungen sowie kieferorthop\u00e4dischen Eingriffen.<\/p>\t\t\t\t\t<\/div>\n\t\t\t\t\t\t<\/div>\n\t\t\t\t<\/div>\n\t\t\t\t\t\t<\/div>\n\t\t\t\t\t<\/div>\n\t\t<\/div>\n\t\t\t\t\t\t\t\t<\/div>\n\t\t\t\t\t<\/div>\n\t\t<\/section>\n\t\t\t\t\t\t\t\t\t<\/div>\n\t\t\t<\/div>\n\t\t\t\t\t<\/div>\n\t\t","protected":false},"excerpt":{"rendered":"<p>Cranio-Sacral-Therapie Die aus der Osteopathie entwickelte Cranio-Sacral-Therapie basiert auf der Arbeit mit dem craniosacralen Rhythmus, der in feinen, rhythmischen Bewegungen der Gehirn- und R\u00fcckenmarksfl\u00fcssigkeit \u00fcber das Bindegewebe im ganzen K\u00f6rper&#8230;<\/p>\n","protected":false},"author":1,"featured_media":0,"parent":0,"menu_order":0,"comment_status":"closed","ping_status":"closed","template":"","meta":[],"_links":{"self":[{"href":"https:\/\/margitdeixler.wirt2web.at\/index.php?rest_route=\/wp\/v2\/pages\/10007"}],"collection":[{"href":"https:\/\/margitdeixler.wirt2web.at\/index.php?rest_route=\/wp\/v2\/pages"}],"about":[{"href":"https:\/\/margitdeixler.wirt2web.at\/index.php?rest_route=\/wp\/v2\/types\/page"}],"author":[{"embeddable":true,"href":"https:\/\/margitdeixler.wirt2web.at\/index.php?rest_route=\/wp\/v2\/users\/1"}],"replies":[{"embeddable":true,"href":"https:\/\/margitdeixler.wirt2web.at\/index.php?rest_route=%2Fwp%2Fv2%2Fcomments&post=10007"}],"version-history":[{"count":4,"href":"https:\/\/margitdeixler.wirt2web.at\/index.php?rest_route=\/wp\/v2\/pages\/10007\/revisions"}],"predecessor-version":[{"id":10011,"href":"https:\/\/margitdeixler.wirt2web.at\/index.php?rest_route=\/wp\/v2\/pages\/10007\/revisions\/10011"}],"wp:attachment":[{"href":"https:\/\/margitdeixler.wirt2web.at\/index.php?rest_route=%2Fwp%2Fv2%2Fmedia&parent=10007"}],"curies":[{"name":"wp","href":"https:\/\/api.w.org\/{rel}","templated":true}]}}